{"id":7904,"date":"2015-03-13T16:37:39","date_gmt":"2015-03-13T16:37:39","guid":{"rendered":"https:\/\/corporativo.saman.com.uy\/pt-br\/politica-de-privacidad-2"},"modified":"2024-03-01T23:08:33","modified_gmt":"2024-03-01T23:08:33","slug":"politica-de-privacidade","status":"publish","type":"page","link":"https:\/\/corporativo.saman.com.uy\/pt-br\/politica-de-privacidade","title":{"rendered":"POL\u00cdTICA DE PRIVACIDADE"},"content":{"rendered":"[vc_row el_class=&#8221;content-general&#8221;][vc_column][vc_empty_space height=&#8221;64px&#8221;][vc_column_text el_class=&#8221;texto-presentacion-link&#8221;]\n<h1>POL\u00cdTICA DE PRIVACIDADE<\/h1>\n<p>Esta Pol\u00edtica de Privacidade estabelece os termos nos quais a SAMAN usa e protege as informa\u00e7\u00f5es fornecidas por seus usu\u00e1rios ao usar seu site. Esta empresa est\u00e1 comprometida com a seguran\u00e7a dos dados de seus usu\u00e1rios. Quando pedimos que preencha os campos de informa\u00e7\u00f5es pessoais pelos quais possa ser identificado, garantimos que ser\u00e3o utilizados apenas de acordo com os termos deste documento. No entanto, esta Pol\u00edtica de Privacidade pode mudar com o tempo ou ser atualizada, ent\u00e3o recomendamos e enfatizamos que voc\u00ea revise continuamente esta p\u00e1gina para garantir que concorda com tais altera\u00e7\u00f5es.<\/p>\n<h2>Informa\u00e7\u00f5es coletadas<\/h2>\n<p>Nosso site pode coletar informa\u00e7\u00f5es pessoais, como: nome, informa\u00e7\u00f5es de contato, como seu endere\u00e7o de e-mail, e informa\u00e7\u00f5es demogr\u00e1ficas. Da mesma forma, quando necess\u00e1rio, informa\u00e7\u00f5es espec\u00edficas podem ser solicitadas para processar um pedido ou realizar uma entrega ou faturamento.<\/p>\n<h2>Uso das informa\u00e7\u00f5es coletadas<\/h2>\n<p>Nosso site usa as informa\u00e7\u00f5es com o objetivo de fornecer o melhor servi\u00e7o poss\u00edvel, especialmente para manter um registro de usu\u00e1rios, pedidos, quando aplic\u00e1vel, e melhorar nossos produtos e servi\u00e7os. Periodicamente, e-mails podem ser enviados atrav\u00e9s de nosso site com ofertas especiais, novos produtos e outras informa\u00e7\u00f5es publicit\u00e1rias que consideramos relevantes para voc\u00ea ou que possam benefici\u00e1-lo; esses e-mails ser\u00e3o enviados para o endere\u00e7o que voc\u00ea fornecer e podem ser cancelados a qualquer momento.<\/p>\n<p>A SAMAN est\u00e1 altamente comprometida em cumprir o compromisso de manter suas informa\u00e7\u00f5es seguras. Usamos os sistemas mais avan\u00e7ados e os atualizamos constantemente para garantir que n\u00e3o haja acesso n\u00e3o autorizado.<\/p>\n<h2>Cookies<\/h2>\n<p>Um cookie refere-se a um arquivo enviado com a finalidade de solicitar permiss\u00e3o para ser armazenado em seu computador; ao aceitar esse arquivo, ele \u00e9 criado, e o cookie serve ent\u00e3o para ter informa\u00e7\u00f5es sobre o tr\u00e1fego na web e tamb\u00e9m facilitar visitas futuras a um site recorrente. Outra fun\u00e7\u00e3o dos cookies \u00e9 que os sites podem reconhec\u00ea-lo individualmente e, portanto, oferecer o melhor servi\u00e7o personalizado do seu site.<\/p>\n<p>Nosso site usa cookies para identificar as p\u00e1ginas visitadas e sua frequ\u00eancia. Essas informa\u00e7\u00f5es s\u00e3o usadas exclusivamente para an\u00e1lises estat\u00edsticas e, em seguida, as informa\u00e7\u00f5es s\u00e3o exclu\u00eddas permanentemente. Voc\u00ea pode excluir os cookies a qualquer momento do seu computador. No entanto, os cookies ajudam a fornecer um melhor servi\u00e7o dos sites; eles n\u00e3o concedem acesso \u00e0s informa\u00e7\u00f5es do seu computador ou a voc\u00ea, a menos que voc\u00ea queira e forne\u00e7a diretamente. Voc\u00ea pode aceitar ou recusar o uso de cookies; no entanto, a maioria dos navegadores aceita cookies automaticamente, pois isso serve para fornecer um melhor servi\u00e7o na web. Voc\u00ea tamb\u00e9m pode alterar as configura\u00e7\u00f5es do seu computador para recusar cookies. Se recusados, pode ser que voc\u00ea n\u00e3o consiga usar alguns de nossos servi\u00e7os.<\/p>\n<h2>Links de terceiros<\/h2>\n<p>Este site pode conter links para outros sites que possam ser do seu interesse. Uma vez que voc\u00ea clicar nesses links e sair de nossa p\u00e1gina, n\u00e3o teremos mais controle sobre o site para o qual voc\u00ea \u00e9 redirecionado e, portanto, n\u00e3o somos respons\u00e1veis pelos termos ou privacidade ou prote\u00e7\u00e3o de seus dados nesses outros sites de terceiros. Tais sites est\u00e3o sujeitos \u00e0s suas pr\u00f3prias pol\u00edticas de privacidade, por isso \u00e9 recomend\u00e1vel que voc\u00ea as consulte para confirmar que concorda com elas.<\/p>\n<h2>Controle de suas informa\u00e7\u00f5es pessoais<\/h2>\n<p>A qualquer momento, voc\u00ea pode restringir a coleta ou o uso de informa\u00e7\u00f5es pessoais fornecidas em nosso site. Sempre que solicitado a preencher um formul\u00e1rio, como o de registro de usu\u00e1rio, voc\u00ea pode marcar ou desmarcar a op\u00e7\u00e3o de receber informa\u00e7\u00f5es por e-mail. Se voc\u00ea marcou a op\u00e7\u00e3o de receber nosso boletim informativo ou publicidade, pode cancel\u00e1-la a qualquer momento.<\/p>\n<p>Esta empresa n\u00e3o vender\u00e1, transferir\u00e1 ou distribuir\u00e1 as informa\u00e7\u00f5es pessoais coletadas sem o seu consentimento, a menos que seja exigido por um juiz com uma ordem judicial.<\/p>\n<p>A SAMAN reserva-se o direito de alterar os termos desta Pol\u00edtica de Privacidade a qualquer momento.[\/vc_column_text][vc_empty_space height=&#8221;64px&#8221;][\/vc_column][\/vc_row][vc_row el_class=&#8221;footer-template&#8221;][vc_column]<div class=\"templatera_shortcode\">[vc_row css=&#8221;.vc_custom_1426096126866{background-color: #c20913 !important;}&#8221; el_class=&#8221;box-contacto-red&#8221;][vc_column width=&#8221;5\/6&#8243; css=&#8221;.vc_custom_1426095381932{padding-top: 7px !important;}&#8221;][vc_row_inner content_placement=&#8221;middle&#8221; css=&#8221;.vc_custom_1501794992938{margin-bottom: 0px !important;}&#8221; el_class=&#8221;margincero-footer&#8221;][vc_column_inner width=&#8221;1\/4&#8243;][vc_column_text]\n<h4><a href=\"https:\/\/www.saman.com.uy\/correo\" target=\"blank_\" rel=\"noopener noreferrer\">CORREO CORPORATIVO<\/a><\/h4>\n[\/vc_column_text][\/vc_column_inner][vc_column_inner width=&#8221;1\/4&#8243;][vc_column_text]\n<h4 style=\"text-align: left;\"><a href=\"https:\/\/www.saman.com.uy\/productores\/servlet\/hint010i\" target=\"blank_\" rel=\"noopener noreferrer\">SERVICIO A PROVEEDORES<\/a><\/h4>\n[\/vc_column_text][\/vc_column_inner][vc_column_inner width=&#8221;1\/4&#8243; css=&#8221;.vc_custom_1437755259437{padding-bottom: 10px !important;padding-left: 42px !important;background-image: url(http:\/\/corporativo.saman.com.uy\/wp-content\/uploads\/2014\/03\/sobre_contacto.png?id=2752) !important;background-position: 0 0 !important;background-repeat: no-repeat !important;}&#8221;][vc_column_text]\n<h4><a href=\"https:\/\/productores-web-prod.saman.com.uy\/productores\/servlet\/com.webproductores.wwpbaseobjects.seclogin\" target=\"blank_\" rel=\"noopener noreferrer\">EXCLUSIVO PRODUCTORES<\/a><\/h4>\n[\/vc_column_text][\/vc_column_inner][vc_column_inner width=&#8221;1\/4&#8243;]<span style=\"color:#ffffff;cursor:pointer;\" data-class-id=\"content-69f37911eedb5\" class=\"overlay-show contacto-botton-footer-link  ult-align-left\" data-overlay-class=\"overlay-cornerbottomleft\">CONTACTO<\/span>\n<div class=\"ult-overlay content-69f37911eedb5 contacto-botton-footer\" data-class=\"content-69f37911eedb5\" id=\"button-click-overlay\" style=\"background:rgba(51,51,51,0.8); display:none;\">\n\t<div class=\"ult_modal ult-fade ult-small\">\n\t\t<div class=\"ult_modal-content\" style=\"\">\n\t\t\t<div class=\"ult_modal-header\" style=\"color:#333333;\">\n\t\t\t\t<div class=\"modal-icon\"><i class=\"Defaults-envelope\"><\/i><\/div><h3 class=\"ult_modal-title\">CONTACTO<\/h3>\n\t\t\t<\/div>\n\t\t\t<div class=\"ult_modal-body ult-html\" style=\"\">\n\t\t\t\n<h2>SUS CONSULTAS SON BIENVENIDAS<\/h2>\n\r\n                <div class='gf_browser_gecko gform_wrapper form-reclutamiento_wrapper' id='gform_wrapper_2' ><a id='gf_2' name='gf_2' class='gform_anchor' ><\/a><form method='post' enctype='multipart\/form-data' target='gform_ajax_frame_2' id='gform_2' class='form-reclutamiento' action='\/pt-br\/wp-json\/wp\/v2\/pages\/7904#gf_2'>\r\n                        <div class='gform_body'>\r\n                            <ul id='gform_fields_2' class='gform_fields top_label description_below'><li id='field_2_4' class='gfield gplaceholder gfield_label_hidden' ><label class=\"gfield_label\" for=\"input_2_4\" style=\"display:none;\">Nombre<\/label><div class=\"ginput_container\"><input name=\"input_4\" id=\"input_2_4\" type=\"text\" value=\"\" class=\"medium\" tabindex=\"49\" placeholder=\"Nombre\"><\/div><\/li><li id='field_2_5' class='gfield gfield_label_hidden' ><label class=\"gfield_label\" for=\"input_2_5\" style=\"display:none;\">Compa\u00f1ia<\/label><div class=\"ginput_container\"><input name=\"input_5\" id=\"input_2_5\" type=\"text\" value=\"\" class=\"medium\" tabindex=\"50\" placeholder=\"Compa\u00f1ia\"><\/div><\/li><li id='field_2_13' class='gfield gfield_label_hidden' ><label class=\"gfield_label\" for=\"input_2_13\" style=\"display:none;\">Direcci\u00f3n<\/label><div class=\"ginput_container\"><input name=\"input_13\" id=\"input_2_13\" type=\"text\" value=\"\" class=\"medium\" tabindex=\"51\" placeholder=\"Direcci\u00f3n\"><\/div><\/li><li id='field_2_12' class='gfield gfield_label_hidden' ><label class=\"gfield_label\" for=\"input_2_12\" style=\"display:none;\">Pa\u00eds<\/label><div class=\"ginput_container\"><input name=\"input_12\" id=\"input_2_12\" type=\"text\" value=\"\" class=\"medium\" tabindex=\"52\" placeholder=\"Pa\u00eds\"><\/div><\/li><li id='field_2_6' class='gfield gfield_label_hidden' ><label class=\"gfield_label\" for=\"input_2_6\" style=\"display:none;\">E-mail<\/label><div class=\"ginput_container\"><input name=\"input_6\" id=\"input_2_6\" type=\"email\" value=\"\" class=\"medium\" tabindex=\"53\" placeholder=\"E-mail\"><\/div><\/li><li id='field_2_11' class='gfield gfield_label_hidden' ><label class=\"gfield_label\" for=\"input_2_11\" style=\"display:none;\">Tel\u00e9fono<\/label><div class=\"ginput_container\"><input name=\"input_11\" id=\"input_2_11\" type=\"tel\" value=\"\" class=\"medium\" tabindex=\"54\" placeholder=\"Tel\u00e9fono\"><\/div><\/li><li id='field_2_7' class='gfield gfield_label_hidden' ><label class=\"gfield_label\" for=\"input_2_7\" style=\"display:none;\">Consulta<\/label><div class=\"ginput_container\"><textarea name=\"input_7\" id=\"input_2_7\" class=\"textarea medium\" tabindex=\"55\" rows=\"10\" cols=\"50\" placeholder=\"Consulta\"><\/textarea><\/div><\/li><li id='field_2_14' class='gfield gfield_contains_required gfield_label_hidden' ><label class=\"gfield_label\" style=\"display:none;\">Politica<span class=\"gfield_required\">*<\/span><\/label><div class=\"ginput_container\"><ul class=\"gfield_checkbox\" id=\"input_2_14\"><li class=\"gchoice_14_1\"><input name=\"input_14.1\" type=\"checkbox\" value='Acepto las &lt;a href=\"\/politica-de-privacidad\/\"&gt;Pol\u00edticas de Privacidad&lt;\/a&gt;' id=\"choice_14_1\" tabindex=\"56\"><label for=\"choice_14_1\" id=\"label_14_1\">Acepto las <a href=\"\/politica-de-privacidad\/\">Pol\u00edticas de Privacidad<\/a><\/label><\/li><\/ul><\/div><\/li>\r\n                            <\/ul><\/div>\r\n        <div class='gform_footer top_label'> <input type='submit' id='gform_submit_button_2' class='button gform_button' value='Enviar' tabindex='57' onclick='if(window[\"gf_submitting_2\"]){return false;}  if( !jQuery(\"#gform_2\")[0].checkValidity || jQuery(\"#gform_2\")[0].checkValidity()){window[\"gf_submitting_2\"]=true;} '\/><input type='hidden' name='gform_ajax' value='form_id=2&amp;title=&amp;description=&amp;tabindex=49' \/>\r\n            <input type='hidden' class='gform_hidden' name='is_submit_2' value='1' \/>\r\n            <input type='hidden' class='gform_hidden' name='gform_submit' value='2' \/>\r\n            <input type='hidden' class='gform_hidden' name='gform_unique_id' value='' \/>\r\n            <input type='hidden' class='gform_hidden' name='state_2' value='WyJbXSIsIjJkZjY5YjhiMzFhMWY5NDJlMjRjZGNhYTkzZGI2NGVlIl0=' \/>\r\n            <input type='hidden' class='gform_hidden' name='gform_target_page_number_2' id='gform_target_page_number_2' value='0' \/>\r\n            <input type='hidden' class='gform_hidden' name='gform_source_page_number_2' id='gform_source_page_number_2' value='1' \/>\r\n            <input type='hidden' name='gform_field_values' value='' \/>\r\n            \r\n        <\/div>\r\n                        <p style=\"display: none !important;\" class=\"akismet-fields-container\" data-prefix=\"ak_\"><label>&#916;<textarea name=\"ak_hp_textarea\" cols=\"45\" rows=\"8\" maxlength=\"100\"><\/textarea><\/label><input type=\"hidden\" id=\"ak_js_1\" name=\"ak_js\" value=\"55\"\/><script>document.getElementById( \"ak_js_1\" ).setAttribute( \"value\", ( new Date() ).getTime() );<\/script><\/p><\/form>\r\n                        <\/div>\r\n                <iframe style='display:none;width:0px;height:0px;' src='about:blank' name='gform_ajax_frame_2' id='gform_ajax_frame_2'><\/iframe>\r\n                <script type='text\/javascript'>jQuery(document).ready(function($){gformInitSpinner( 2, 'https:\/\/corporativo.saman.com.uy\/wp-content\/plugins\/gravityforms\/images\/spinner.gif' );jQuery('#gform_ajax_frame_2').load( function(){var contents = jQuery(this).contents().find('*').html();var is_postback = contents.indexOf('GF_AJAX_POSTBACK') >= 0;if(!is_postback){return;}var form_content = jQuery(this).contents().find('#gform_wrapper_2');var is_redirect = contents.indexOf('gformRedirect(){') >= 0;var is_form = !(form_content.length <= 0 || is_redirect);if(is_form){jQuery('#gform_wrapper_2').html(form_content.html());jQuery(document).scrollTop(jQuery('#gform_wrapper_2').offset().top);if(window['gformInitDatepicker']) {gformInitDatepicker();}if(window['gformInitPriceFields']) {gformInitPriceFields();}var current_page = jQuery('#gform_source_page_number_2').val();gformInitSpinner( 2, 'https:\/\/corporativo.saman.com.uy\/wp-content\/plugins\/gravityforms\/images\/spinner.gif' );jQuery(document).trigger('gform_page_loaded', [2, current_page]);window['gf_submitting_2'] = false;}else if(!is_redirect){var confirmation_content = jQuery(this).contents().find('#gforms_confirmation_message').html();if(!confirmation_content){confirmation_content = contents;}setTimeout(function(){jQuery('#gform_wrapper_2').replaceWith('<' + 'div id=\\'gforms_confirmation_message\\' class=\\'gform_confirmation_message_2\\'' + '>' + confirmation_content + '<' + '\/div' + '>');jQuery(document).scrollTop(jQuery('#gforms_confirmation_message').offset().top);jQuery(document).trigger('gform_confirmation_loaded', [2]);window['gf_submitting_2'] = false;}, 50);}else{jQuery('#gform_2').append(contents);if(window['gformRedirect']) {gformRedirect();}}jQuery(document).trigger('gform_post_render', [2, current_page]);} );} );<\/script><script type='text\/javascript'> jQuery(document).ready(function(){jQuery(document).trigger('gform_post_render', [2, 1]) } ); <\/script>\n<div id=\"dir-footer-contacto-popup\">\n<p>Rbla. Baltasar Brum 2772. 11800 Montevideo, Uruguay<\/p>\n<p>Tel: +598 2208 1421 Fax: +598 2203 7007<\/p>\n<p><span style=\"color: #ff0000;\">info@saman.com.uy<\/span><\/p>\n<p>&nbsp;<\/p>\n<\/div>\n<p><img loading=\"lazy\" decoding=\"async\" class=\"alignnone size-full wp-image-4307\" src=\"http:\/\/corporativo.saman.com.uy\/wp-content\/themes\/salient-child\/img\/empresa-camil.png\" alt=\"empresa-camil\" width=\"234\" height=\"37\" \/>\n\t\t\t<\/div>\n\t<\/div>\n\t<\/div>\n\t<div class=\"ult-overlay-close\">Close<\/div>\n<\/div>[\/vc_column_inner][\/vc_row_inner][\/vc_column][vc_column width=&#8221;1\/6&#8243;][\/vc_column][\/vc_row][vc_row css=&#8221;.vc_custom_1426098149924{background-color: #aba68c !important;}&#8221; el_class=&#8221;box-contacto-green&#8221;][vc_column width=&#8221;5\/6&#8243;][vc_row_inner css=&#8221;.vc_custom_1426098275443{margin-bottom: 0px !important;}&#8221;][vc_column_inner width=&#8221;1\/4&#8243;][vc_column_text]\n<h5><a href=\"https:\/\/corporativo.saman.com.uy\/la-empresa\/presentancion\">LA EMPRESA<\/a><\/h5>\n<h4><a href=\"https:\/\/corporativo.saman.com.uy\/la-empresa\/presentancion\">PRESENTACI\u00d3N<\/a><\/h4>\n<h4><a href=\"http:\/\/corporativo.saman.com.uy\/empresas-vinculadas\/\">EMPRESAS VINCULADAS<\/a><\/h4>\n<h4><a href=\"http:\/\/corporativo.saman.com.uy\/responsabilidad\/\">RESPONSABILIDAD<\/a><\/h4>\n<h4><a href=\"https:\/\/corporativo.saman.com.uy\/la-empresa\/canal-de-etica\">CANAL DE \u00c9TICA<\/a><\/h4>\n[\/vc_column_text][\/vc_column_inner][vc_column_inner width=&#8221;1\/4&#8243;][vc_column_text]\n<h5><a href=\"https:\/\/corporativo.saman.com.uy\/productos-mercados\">PRODUCTOS &amp; MERCADOS<\/a><\/h5>\n<h4><a href=\"http:\/\/corporativo.saman.com.uy\/productos\/\">PRODUCTOS<\/a><\/h4>\n<h4><a href=\"http:\/\/corporativo.saman.com.uy\/mercados\/\">MERCADOS<\/a><\/h4>\n<h4><a href=\"http:\/\/corporativo.saman.com.uy\/calidad\/\">CALIDAD<\/a><\/h4>\n[\/vc_column_text][\/vc_column_inner][vc_column_inner width=&#8221;1\/4&#8243;][vc_column_text]\n<h5><a href=\"https:\/\/corporativo.saman.com.uy\/productores\">PRODUCTORES<\/a><\/h5>\n<h4><a href=\"https:\/\/corporativo.saman.com.uy\/productores\/mapa-de-cultivos\">MAPA DE CULTIVOS<\/a><\/h4>\n<h4><a href=\"https:\/\/corporativo.saman.com.uy\/productores\/semillas\">SEMILLAS<\/a><\/h4>\n[\/vc_column_text][\/vc_column_inner][vc_column_inner width=&#8221;1\/4&#8243;][vc_column_text]\n<h5><a href=\"https:\/\/corporativo.saman.com.uy\/industrial\">INDUSTRIAL<\/a><\/h5>\n<h4><a href=\"https:\/\/corporativo.saman.com.uy\/industrial\/plantas-industriales\">PLANTAS INDUSTRIALES<\/a><\/h4>\n<h4><a href=\"https:\/\/corporativo.saman.com.uy\/industrial\/eficiencia-energetica\">EFICIENCIA ENERG\u00c9TICA<\/a><\/h4>\n[\/vc_column_text][\/vc_column_inner][\/vc_row_inner][\/vc_column][vc_column width=&#8221;1\/6&#8243;][vc_row_inner][vc_column_inner][vc_column_text]\n<h5><a href=\"https:\/\/corporativo.saman.com.uy\/trabajar-en-saman\">TRABAJAR EN SAMAN<\/a><\/h5>\n<h4><a href=\"https:\/\/corporativo.saman.com.uy\/trabajar-en-saman\/reclutamiento-y-seleccion\">RECLUTAMIENTO Y SELECCI\u00d3N<\/a><\/h4>\n<h4><a href=\"https:\/\/corporativo.saman.com.uy\/trabajar-en-saman\/oportunidades\">OPORTUNIDADES<\/a><\/h4>\n<h4><a href=\"https:\/\/corporativo.saman.com.uy\/trabajar-en-saman\/prevencion-y-salud-ocupacional\">PREVENCI\u00d3N Y SALUD OCUPACIONAL<\/a><\/h4>\n[\/vc_column_text][\/vc_column_inner][\/vc_row_inner][\/vc_column][\/vc_row][vc_row css=&#8221;.vc_custom_1426103548620{background-color: #e3e0d4 !important;}&#8221; el_class=&#8221;box-contacto-last&#8221;][vc_column width=&#8221;2\/3&#8243;][vc_column_text]\u00a9 SAMAN[\/vc_column_text][\/vc_column][vc_column width=&#8221;1\/3&#8243;][vc_column_text el_class=&#8221;grey&#8221;][\/vc_column_text][\/vc_column][\/vc_row]\n<\/div>[\/vc_column][\/vc_row]\n","protected":false},"excerpt":{"rendered":"<p>[vc_row el_class=&#8221;content-general&#8221;][vc_column][vc_empty_space height=&#8221;64px&#8221;][vc_column_text el_class=&#8221;texto-presentacion-link&#8221;] POL\u00cdTICA DE PRIVACIDADE Esta Pol\u00edtica de Privacidade estabelece os termos nos quais a SAMAN usa e protege as informa\u00e7\u00f5es fornecidas por seus usu\u00e1rios ao usar seu&#8230;<\/p>\n","protected":false},"author":3,"featured_media":0,"parent":0,"menu_order":0,"comment_status":"closed","ping_status":"closed","template":"","meta":{"footnotes":""},"_links":{"self":[{"href":"https:\/\/corporativo.saman.com.uy\/pt-br\/wp-json\/wp\/v2\/pages\/7904"}],"collection":[{"href":"https:\/\/corporativo.saman.com.uy\/pt-br\/wp-json\/wp\/v2\/pages"}],"about":[{"href":"https:\/\/corporativo.saman.com.uy\/pt-br\/wp-json\/wp\/v2\/types\/page"}],"author":[{"embeddable":true,"href":"https:\/\/corporativo.saman.com.uy\/pt-br\/wp-json\/wp\/v2\/users\/3"}],"replies":[{"embeddable":true,"href":"https:\/\/corporativo.saman.com.uy\/pt-br\/wp-json\/wp\/v2\/comments?post=7904"}],"version-history":[{"count":3,"href":"https:\/\/corporativo.saman.com.uy\/pt-br\/wp-json\/wp\/v2\/pages\/7904\/revisions"}],"predecessor-version":[{"id":7910,"href":"https:\/\/corporativo.saman.com.uy\/pt-br\/wp-json\/wp\/v2\/pages\/7904\/revisions\/7910"}],"wp:attachment":[{"href":"https:\/\/corporativo.saman.com.uy\/pt-br\/wp-json\/wp\/v2\/media?parent=7904"}],"curies":[{"name":"wp","href":"https:\/\/api.w.org\/{rel}","templated":true}]}}