{"id":5551,"date":"2015-09-14T13:45:15","date_gmt":"2015-09-14T13:45:15","guid":{"rendered":"http:\/\/corporativo.saman.com.uy\/pt-br\/?page_id=5551"},"modified":"2015-09-21T14:22:01","modified_gmt":"2015-09-21T14:22:01","slug":"produtos-e-mercados-pt","status":"publish","type":"page","link":"https:\/\/corporativo.saman.com.uy\/pt-br\/produtos-e-mercados-pt","title":{"rendered":"Produtos e mercados"},"content":{"rendered":"[vc_row css=&#8221;.vc_custom_1426267611650{margin-bottom: 0px !important;}&#8221; el_class=&#8221;img-principal-empresa&#8221;][vc_column]<div class=\"templatera_shortcode\">[vc_row css=&#8221;.vc_custom_1426267611650{margin-bottom: 0px !important;}&#8221; el_class=&#8221;img-principal-empresa&#8221;][vc_column][vc_single_image image=&#8221;6622&#8243; img_size=&#8221;full&#8221; alignment=&#8221;center&#8221;][\/vc_column][\/vc_row]\n<\/div>[\/vc_column][\/vc_row][vc_row el_class=&#8221;menu-exportaciones&#8221;][vc_column][vc_row_inner][vc_column_inner width=&#8221;1\/3&#8243;][vc_button title=&#8221;PRODUTOS&#8221; color=&#8221;btn-inverse&#8221; size=&#8221;btn-large&#8221; href=&#8221;http:\/\/corporativo.saman.com.uy\/pt-br\/produtos-e-mercados-pt\/produtos-pt&#8221; el_class=&#8221;padding-bot&#8221;][\/vc_column_inner][vc_column_inner width=&#8221;1\/3&#8243;][vc_button title=&#8221;NOSSOS MERCADOS&#8221; color=&#8221;btn-inverse&#8221; size=&#8221;btn-large&#8221; href=&#8221;http:\/\/corporativo.saman.com.uy\/pt-br\/produtos-e-mercados-pt\/nossos-mercados&#8221; el_class=&#8221;padding-bot&#8221;][\/vc_column_inner][vc_column_inner width=&#8221;1\/3&#8243;][vc_button title=&#8221;QUALIDADE&#8221; color=&#8221;btn-inverse&#8221; size=&#8221;btn-large&#8221; href=&#8221;http:\/\/corporativo.saman.com.uy\/pt-br\/produtos-e-mercados-pt\/qualidade&#8221; el_class=&#8221;padding-bot&#8221;][\/vc_column_inner][\/vc_row_inner][\/vc_column][\/vc_row][vc_row el_class=&#8221;content-general&#8221;][vc_column width=&#8221;1\/2&#8243;][vc_column_text]Em um mercado arrozeiro internacional altamente competitivo e com um n\u00edvel de exig\u00eancias cada vez maior, a atividade do departamento de Com\u00e9rcio Exterior \u00e9 essencial em uma empresa com um claro perfil exportador como a nossa.<\/p>\n<p>Trabalhamos fazendo o acompanhamento di\u00e1rio dos relat\u00f3rios espec\u00edficos dos diversos mercados compradores, um trabalho de monitora\u00e7\u00e3o que permite que nos antecipemos as suas demandas e, ao mesmo tempo, que elaboremos as estrat\u00e9gias de a\u00e7\u00e3o. Somos capazes de abastecer com a mesma qualidade de servi\u00e7o tanto compradores de pequenas quantidades como outros de grandes volumes, desde um s\u00f3 cont\u00eainer at\u00e9 navios completos.<\/p>\n<p>N\u00f3s nos esfor\u00e7amos para estreitar o elo comercial que mantemos com nossos clientes, intermedi\u00e1rios e agentes do exterior, com quem estamos em contato permanente. Esta rela\u00e7\u00e3o chave \u00e9 consolidada com visitas regulares aos diversos mercados e potenciais clientes, junto com nossa presen\u00e7a em feiras internacionais e rodadas de neg\u00f3cios.<\/p>\n<p>Foi assim que chegamos a construir uma imagem de responsabilidade baseada em produtos de alt\u00edssima qualidade e em um atendimento de primeiro n\u00edvel dentro e fora de fronteiras. O arroz da SAMAN conseguiu conquistar os mercados mais exigentes.[\/vc_column_text][\/vc_column][vc_column width=&#8221;1\/2&#8243;][vc_single_image image=&#8221;6482&#8243; img_size=&#8221;full&#8221; alignment=&#8221;center&#8221; link=&#8221;http:\/\/corporativo.saman.com.uy\/pt-br\/produtos-e-mercados-pt\/nossos-mercados&#8221;][vc_empty_space height=&#8221;10px&#8221;][vc_single_image image=&#8221;2939&#8243; img_size=&#8221;full&#8221; alignment=&#8221;center&#8221;][\/vc_column][\/vc_row][vc_row css=&#8221;.vc_custom_1426268742389{margin-bottom: -6px !important;}&#8221;][vc_column]<div class=\"templatera_shortcode\">[vc_row css=&#8221;.vc_custom_1426268742389{margin-bottom: -6px !important;}&#8221;][vc_column][vc_single_image image=&#8221;6331&#8243; img_size=&#8221;full&#8221; alignment=&#8221;center&#8221; link=&#8221;http:\/\/corporativo.saman.com.uy\/pt-br\/produtos-e-mercados-pt\/produtos-pt&#8221;][\/vc_column][\/vc_row]\n<\/div>[\/vc_column][\/vc_row][vc_row el_class=&#8221;footer-template&#8221;][vc_column]<div class=\"templatera_shortcode\">[vc_row css=&#8221;.vc_custom_1426096126866{background-color: #c20913 !important;}&#8221; el_class=&#8221;box-contacto-red&#8221;][vc_column width=&#8221;5\/6&#8243; css=&#8221;.vc_custom_1426095381932{padding-top: 7px !important;}&#8221;][vc_row_inner content_placement=&#8221;middle&#8221; css=&#8221;.vc_custom_1501795215930{margin-bottom: 0px !important;}&#8221; el_class=&#8221;margincero-footer&#8221;][vc_column_inner width=&#8221;1\/4&#8243;][vc_column_text]\n<h4><a href=\"https:\/\/www.saman.com.uy\/correo\" target=\"blank_\" rel=\"noopener noreferrer\">COMPANY E-MAIL<\/a><\/h4>\n[\/vc_column_text][\/vc_column_inner][vc_column_inner width=&#8221;1\/4&#8243;][vc_column_text]\n<h4 style=\"text-align: left;\"><a href=\"https:\/\/www.saman.com.uy\/productores\/servlet\/hint010i\"><span lang=\"pt\" style=\"text-align: left;\">SERVI\u00c7O A FORNECEDORES<\/span><\/a><\/h4>\n[\/vc_column_text][\/vc_column_inner][vc_column_inner width=&#8221;1\/4&#8243; css=&#8221;.vc_custom_1437755259437{padding-bottom: 10px !important;padding-left: 42px !important;background-image: url(http:\/\/corporativo.saman.com.uy\/wp-content\/uploads\/2014\/03\/sobre_contacto.png?id=2752) !important;background-position: 0 0 !important;background-repeat: no-repeat !important;}&#8221;][vc_column_text]\n<h4 style=\"text-align: left;\"><a href=\"https:\/\/productores-web-prod.saman.com.uy\/productores\/servlet\/com.webproductores.wwpbaseobjects.seclogin\" target=\"blank_\" rel=\"noopener noreferrer\">EXCLUSIVO PRODUTORES<\/a><\/h4>\n[\/vc_column_text][\/vc_column_inner][vc_column_inner el_class=&#8221;footer-contacto&#8221; width=&#8221;1\/4&#8243;]<span style=\"color:#ffffff;cursor:pointer;\" data-class-id=\"content-69e35b585f203\" class=\"overlay-show contacto-botton-footer-link  ult-align-center\" data-overlay-class=\"overlay-cornerbottomleft\">CONTATO<\/span>\n<div class=\"ult-overlay content-69e35b585f203 contacto-botton-footer\" data-class=\"content-69e35b585f203\" id=\"button-click-overlay\" style=\"background:rgba(51,51,51,0.8); display:none;\">\n\t<div class=\"ult_modal ult-fade ult-small\">\n\t\t<div class=\"ult_modal-content\" style=\"\">\n\t\t\t<div class=\"ult_modal-header\" style=\"color:#333333;\">\n\t\t\t\t<h3 class=\"ult_modal-title\">CONTATO<\/h3>\n\t\t\t<\/div>\n\t\t\t<div class=\"ult_modal-body ult-html\" style=\"\">\n\t\t\t\n<h2>SUS CONSULTAS SON BIENVENIDAS<\/h2>\n\r\n                <div class='gf_browser_gecko gform_wrapper form-reclutamiento_wrapper' id='gform_wrapper_2' ><a id='gf_2' name='gf_2' class='gform_anchor' ><\/a><form method='post' enctype='multipart\/form-data' target='gform_ajax_frame_2' id='gform_2' class='form-reclutamiento' action='\/pt-br\/wp-json\/wp\/v2\/pages\/5551#gf_2'>\r\n                        <div class='gform_body'>\r\n                            <ul id='gform_fields_2' class='gform_fields top_label description_below'><li id='field_2_4' class='gfield gplaceholder gfield_label_hidden' ><label class=\"gfield_label\" for=\"input_2_4\" style=\"display:none;\">Nombre<\/label><div class=\"ginput_container\"><input name=\"input_4\" id=\"input_2_4\" type=\"text\" value=\"\" class=\"medium\" tabindex=\"49\" placeholder=\"Nombre\"><\/div><\/li><li id='field_2_5' class='gfield gfield_label_hidden' ><label class=\"gfield_label\" for=\"input_2_5\" style=\"display:none;\">Compa\u00f1ia<\/label><div class=\"ginput_container\"><input name=\"input_5\" id=\"input_2_5\" type=\"text\" value=\"\" class=\"medium\" tabindex=\"50\" placeholder=\"Compa\u00f1ia\"><\/div><\/li><li id='field_2_13' class='gfield gfield_label_hidden' ><label class=\"gfield_label\" for=\"input_2_13\" style=\"display:none;\">Direcci\u00f3n<\/label><div class=\"ginput_container\"><input name=\"input_13\" id=\"input_2_13\" type=\"text\" value=\"\" class=\"medium\" tabindex=\"51\" placeholder=\"Direcci\u00f3n\"><\/div><\/li><li id='field_2_12' class='gfield gfield_label_hidden' ><label class=\"gfield_label\" for=\"input_2_12\" style=\"display:none;\">Pa\u00eds<\/label><div class=\"ginput_container\"><input name=\"input_12\" id=\"input_2_12\" type=\"text\" value=\"\" class=\"medium\" tabindex=\"52\" placeholder=\"Pa\u00eds\"><\/div><\/li><li id='field_2_6' class='gfield gfield_label_hidden' ><label class=\"gfield_label\" for=\"input_2_6\" style=\"display:none;\">E-mail<\/label><div class=\"ginput_container\"><input name=\"input_6\" id=\"input_2_6\" type=\"email\" value=\"\" class=\"medium\" tabindex=\"53\" placeholder=\"E-mail\"><\/div><\/li><li id='field_2_11' class='gfield gfield_label_hidden' ><label class=\"gfield_label\" for=\"input_2_11\" style=\"display:none;\">Tel\u00e9fono<\/label><div class=\"ginput_container\"><input name=\"input_11\" id=\"input_2_11\" type=\"tel\" value=\"\" class=\"medium\" tabindex=\"54\" placeholder=\"Tel\u00e9fono\"><\/div><\/li><li id='field_2_7' class='gfield gfield_label_hidden' ><label class=\"gfield_label\" for=\"input_2_7\" style=\"display:none;\">Consulta<\/label><div class=\"ginput_container\"><textarea name=\"input_7\" id=\"input_2_7\" class=\"textarea medium\" tabindex=\"55\" rows=\"10\" cols=\"50\" placeholder=\"Consulta\"><\/textarea><\/div><\/li><li id='field_2_14' class='gfield gfield_contains_required gfield_label_hidden' ><label class=\"gfield_label\" style=\"display:none;\">Politica<span class=\"gfield_required\">*<\/span><\/label><div class=\"ginput_container\"><ul class=\"gfield_checkbox\" id=\"input_2_14\"><li class=\"gchoice_14_1\"><input name=\"input_14.1\" type=\"checkbox\" value='Acepto las &lt;a href=\"\/politica-de-privacidad\/\"&gt;Pol\u00edticas de Privacidad&lt;\/a&gt;' id=\"choice_14_1\" tabindex=\"56\"><label for=\"choice_14_1\" id=\"label_14_1\">Acepto las <a href=\"\/politica-de-privacidad\/\">Pol\u00edticas de Privacidad<\/a><\/label><\/li><\/ul><\/div><\/li>\r\n                            <\/ul><\/div>\r\n        <div class='gform_footer top_label'> <input type='submit' id='gform_submit_button_2' class='button gform_button' value='Enviar' tabindex='57' onclick='if(window[\"gf_submitting_2\"]){return false;}  if( !jQuery(\"#gform_2\")[0].checkValidity || jQuery(\"#gform_2\")[0].checkValidity()){window[\"gf_submitting_2\"]=true;} '\/><input type='hidden' name='gform_ajax' value='form_id=2&amp;title=&amp;description=&amp;tabindex=49' \/>\r\n            <input type='hidden' class='gform_hidden' name='is_submit_2' value='1' \/>\r\n            <input type='hidden' class='gform_hidden' name='gform_submit' value='2' \/>\r\n            <input type='hidden' class='gform_hidden' name='gform_unique_id' value='' \/>\r\n            <input type='hidden' class='gform_hidden' name='state_2' value='WyJbXSIsIjJkZjY5YjhiMzFhMWY5NDJlMjRjZGNhYTkzZGI2NGVlIl0=' \/>\r\n            <input type='hidden' class='gform_hidden' name='gform_target_page_number_2' id='gform_target_page_number_2' value='0' \/>\r\n            <input type='hidden' class='gform_hidden' name='gform_source_page_number_2' id='gform_source_page_number_2' value='1' \/>\r\n            <input type='hidden' name='gform_field_values' value='' \/>\r\n            \r\n        <\/div>\r\n                        <p style=\"display: none !important;\" class=\"akismet-fields-container\" data-prefix=\"ak_\"><label>&#916;<textarea name=\"ak_hp_textarea\" cols=\"45\" rows=\"8\" maxlength=\"100\"><\/textarea><\/label><input type=\"hidden\" id=\"ak_js_1\" name=\"ak_js\" value=\"147\"\/><script>document.getElementById( \"ak_js_1\" ).setAttribute( \"value\", ( new Date() ).getTime() );<\/script><\/p><\/form>\r\n                        <\/div>\r\n                <iframe style='display:none;width:0px;height:0px;' src='about:blank' name='gform_ajax_frame_2' id='gform_ajax_frame_2'><\/iframe>\r\n                <script type='text\/javascript'>jQuery(document).ready(function($){gformInitSpinner( 2, 'https:\/\/corporativo.saman.com.uy\/wp-content\/plugins\/gravityforms\/images\/spinner.gif' );jQuery('#gform_ajax_frame_2').load( function(){var contents = jQuery(this).contents().find('*').html();var is_postback = contents.indexOf('GF_AJAX_POSTBACK') >= 0;if(!is_postback){return;}var form_content = jQuery(this).contents().find('#gform_wrapper_2');var is_redirect = contents.indexOf('gformRedirect(){') >= 0;var is_form = !(form_content.length <= 0 || is_redirect);if(is_form){jQuery('#gform_wrapper_2').html(form_content.html());jQuery(document).scrollTop(jQuery('#gform_wrapper_2').offset().top);if(window['gformInitDatepicker']) {gformInitDatepicker();}if(window['gformInitPriceFields']) {gformInitPriceFields();}var current_page = jQuery('#gform_source_page_number_2').val();gformInitSpinner( 2, 'https:\/\/corporativo.saman.com.uy\/wp-content\/plugins\/gravityforms\/images\/spinner.gif' );jQuery(document).trigger('gform_page_loaded', [2, current_page]);window['gf_submitting_2'] = false;}else if(!is_redirect){var confirmation_content = jQuery(this).contents().find('#gforms_confirmation_message').html();if(!confirmation_content){confirmation_content = contents;}setTimeout(function(){jQuery('#gform_wrapper_2').replaceWith('<' + 'div id=\\'gforms_confirmation_message\\' class=\\'gform_confirmation_message_2\\'' + '>' + confirmation_content + '<' + '\/div' + '>');jQuery(document).scrollTop(jQuery('#gforms_confirmation_message').offset().top);jQuery(document).trigger('gform_confirmation_loaded', [2]);window['gf_submitting_2'] = false;}, 50);}else{jQuery('#gform_2').append(contents);if(window['gformRedirect']) {gformRedirect();}}jQuery(document).trigger('gform_post_render', [2, current_page]);} );} );<\/script><script type='text\/javascript'> jQuery(document).ready(function(){jQuery(document).trigger('gform_post_render', [2, 1]) } ); <\/script>\n<div id=\"dir-footer-contacto-popup\">\n<p>Rbla. Baltasar Brum 2772. 11800 Montevideo, Uruguay<\/p>\n<p>Tel: +598 2208 1421 Fax: +598 2203 7007<\/p>\n<p><span style=\"color: #ff0000;\">info@saman.com.uy<\/span><\/p>\n<p>&nbsp;<\/p>\n<\/div>\n<p><img loading=\"lazy\" decoding=\"async\" class=\"alignnone size-full wp-image-4307\" src=\"http:\/\/corporativo.saman.com.uy\/wp-content\/themes\/salient-child\/img\/empresa-camil.png\" alt=\"empresa-camil\" width=\"234\" height=\"37\" \/>\n\t\t\t<\/div>\n\t<\/div>\n\t<\/div>\n\t<div class=\"ult-overlay-close\">Close<\/div>\n<\/div>[\/vc_column_inner][\/vc_row_inner][\/vc_column][vc_column width=&#8221;1\/6&#8243; css=&#8221;.vc_custom_1426102449653{margin-bottom: 0px !important;padding-top: 7px !important;}&#8221;][vc_row_inner][vc_column_inner][\/vc_column_inner][\/vc_row_inner][\/vc_column][\/vc_row][vc_row css=&#8221;.vc_custom_1426098149924{background-color: #aba68c !important;}&#8221; el_class=&#8221;box-contacto-green&#8221;][vc_column width=&#8221;5\/6&#8243;][vc_row_inner css=&#8221;.vc_custom_1426098275443{margin-bottom: 0px !important;}&#8221;][vc_column_inner width=&#8221;1\/4&#8243;][vc_column_text]\n<h5><a href=\"https:\/\/corporativo.saman.com.uy\/pt-br\/a-empresa\/apresentacao\">A EMPRESA<\/a><\/h5>\n<h4><a href=\"https:\/\/corporativo.saman.com.uy\/pt-br\/a-empresa\/apresentacao\">APRESENTA\u00c7\u00c3O<\/a><\/h4>\n<h4><a href=\"https:\/\/corporativo.saman.com.uy\/pt-br\/a-empresa\/associacoes-empresariais\">ASSOCIA\u00c7\u00d5ES EMPRESARIAIS<\/a><\/h4>\n<h4><a href=\"https:\/\/corporativo.saman.com.uy\/pt-br\/a-empresa\/responsabilidades\">RESPONSABILIDADES<\/a><\/h4>\n<h4><a href=\"https:\/\/corporativo.saman.com.uy\/pt-br\/a-empresa\/canal-de-etica\">CANAL DE \u00c9TICA<\/a><\/h4>\n[\/vc_column_text][\/vc_column_inner][vc_column_inner width=&#8221;1\/4&#8243;][vc_column_text]\n<h5><a href=\"https:\/\/corporativo.saman.com.uy\/pt-br\/produtos-e-mercados-pt\">PRODUTOS E MERCADOS<\/a><\/h5>\n<h4><a href=\"https:\/\/corporativo.saman.com.uy\/pt-br\/produtos-e-mercados-pt\/produtos-pt\">PRODUTOS<\/a><\/h4>\n<h4><a href=\"https:\/\/corporativo.saman.com.uy\/pt-br\/produtos-e-mercados-pt\/nossos-mercados\">NOSSOS MERCADOS<\/a><\/h4>\n<h4><a href=\"https:\/\/corporativo.saman.com.uy\/pt-br\/produtos-e-mercados-pt\/qualidade\">QUALIDADE<\/a><\/h4>\n[\/vc_column_text][\/vc_column_inner][vc_column_inner width=&#8221;1\/4&#8243;][vc_column_text]\n<h5><a href=\"https:\/\/corporativo.saman.com.uy\/pt-br\/produtores\">PRODUTORES<\/a><\/h5>\n<h4><a href=\"https:\/\/corporativo.saman.com.uy\/pt-br\/produtores\/mapa-de-cultivos\">MAPA DE CULTIVOS<\/a><\/h4>\n<h4><a href=\"https:\/\/corporativo.saman.com.uy\/pt-br\/produtores\/sementes\">SEMENTES<\/a><\/h4>\n[\/vc_column_text][\/vc_column_inner][vc_column_inner width=&#8221;1\/4&#8243;][vc_column_text]\n<h5><a href=\"https:\/\/corporativo.saman.com.uy\/industrial\">INDUSTRIAL<\/a><\/h5>\n<h4><a href=\"https:\/\/corporativo.saman.com.uy\/pt-br\/industrial\/estabelecimentos-industriais\">UNIDADES INDUSTRIAIS<\/a><\/h4>\n<h4><a href=\"https:\/\/corporativo.saman.com.uy\/pt-br\/industrial\/eficiencia-energetica2\">EFICI\u00caNCIA ENERG\u00c9TICA<\/a><\/h4>\n[\/vc_column_text][\/vc_column_inner][\/vc_row_inner][\/vc_column][vc_column width=&#8221;1\/6&#8243;][vc_row_inner][vc_column_inner][vc_column_text]\n<h5><a href=\"https:\/\/corporativo.saman.com.uy\/pt-br\/trabalhar-na-saman\">CAPITAL HUMANO<\/a><\/h5>\n<h4><a href=\"https:\/\/corporativo.saman.com.uy\/pt-br\/trabalhar-na-saman\/recrutamento-e-selecao\">RECRUTAMENTO<\/a><\/h4>\n<h4><a href=\"https:\/\/corporativo.saman.com.uy\/pt-br\/trabalhar-na-saman\/oportunidades\">OPORTUNIDADES<\/a><\/h4>\n<h4><a href=\"https:\/\/corporativo.saman.com.uy\/pt-br\/trabalhar-na-saman\/prevencao-e-saude-ocupacional\">PREVEN\u00c7\u00c3O E SA\u00daDE<\/a><\/h4>\n<h4><\/h4>\n[\/vc_column_text][\/vc_column_inner][\/vc_row_inner][\/vc_column][\/vc_row][vc_row css=&#8221;.vc_custom_1426103548620{background-color: #e3e0d4 !important;}&#8221; el_class=&#8221;box-contacto-last&#8221;][vc_column width=&#8221;2\/3&#8243;][vc_column_text]\u00a9 SAMAN[\/vc_column_text][\/vc_column][vc_column width=&#8221;1\/3&#8243;][vc_column_text el_class=&#8221;grey&#8221;][\/vc_column_text][\/vc_column][\/vc_row]\n<\/div>[\/vc_column][\/vc_row]\n","protected":false},"excerpt":{"rendered":"<p>[vc_row css=&#8221;.vc_custom_1426267611650{margin-bottom: 0px !important;}&#8221; el_class=&#8221;img-principal-empresa&#8221;][vc_column][\/vc_column][\/vc_row][vc_row el_class=&#8221;menu-exportaciones&#8221;][vc_column][vc_row_inner][vc_column_inner width=&#8221;1\/3&#8243;][vc_button title=&#8221;PRODUTOS&#8221; color=&#8221;btn-inverse&#8221; size=&#8221;btn-large&#8221; href=&#8221;http:\/\/corporativo.saman.com.uy\/pt-br\/produtos-e-mercados-pt\/produtos-pt&#8221; el_class=&#8221;padding-bot&#8221;][\/vc_column_inner][vc_column_inner width=&#8221;1\/3&#8243;][vc_button title=&#8221;NOSSOS MERCADOS&#8221; color=&#8221;btn-inverse&#8221; size=&#8221;btn-large&#8221; href=&#8221;http:\/\/corporativo.saman.com.uy\/pt-br\/produtos-e-mercados-pt\/nossos-mercados&#8221; el_class=&#8221;padding-bot&#8221;][\/vc_column_inner][vc_column_inner width=&#8221;1\/3&#8243;][vc_button title=&#8221;QUALIDADE&#8221; color=&#8221;btn-inverse&#8221; size=&#8221;btn-large&#8221; href=&#8221;http:\/\/corporativo.saman.com.uy\/pt-br\/produtos-e-mercados-pt\/qualidade&#8221; el_class=&#8221;padding-bot&#8221;][\/vc_column_inner][\/vc_row_inner][\/vc_column][\/vc_row][vc_row el_class=&#8221;content-general&#8221;][vc_column width=&#8221;1\/2&#8243;][vc_column_text]Em um mercado arrozeiro&#8230;<\/p>\n","protected":false},"author":3,"featured_media":0,"parent":0,"menu_order":0,"comment_status":"open","ping_status":"open","template":"","meta":{"footnotes":""},"_links":{"self":[{"href":"https:\/\/corporativo.saman.com.uy\/pt-br\/wp-json\/wp\/v2\/pages\/5551"}],"collection":[{"href":"https:\/\/corporativo.saman.com.uy\/pt-br\/wp-json\/wp\/v2\/pages"}],"about":[{"href":"https:\/\/corporativo.saman.com.uy\/pt-br\/wp-json\/wp\/v2\/types\/page"}],"author":[{"embeddable":true,"href":"https:\/\/corporativo.saman.com.uy\/pt-br\/wp-json\/wp\/v2\/users\/3"}],"replies":[{"embeddable":true,"href":"https:\/\/corporativo.saman.com.uy\/pt-br\/wp-json\/wp\/v2\/comments?post=5551"}],"version-history":[{"count":10,"href":"https:\/\/corporativo.saman.com.uy\/pt-br\/wp-json\/wp\/v2\/pages\/5551\/revisions"}],"predecessor-version":[{"id":6709,"href":"https:\/\/corporativo.saman.com.uy\/pt-br\/wp-json\/wp\/v2\/pages\/5551\/revisions\/6709"}],"wp:attachment":[{"href":"https:\/\/corporativo.saman.com.uy\/pt-br\/wp-json\/wp\/v2\/media?parent=5551"}],"curies":[{"name":"wp","href":"https:\/\/api.w.org\/{rel}","templated":true}]}}